{"id":125,"date":"2018-02-16T13:57:03","date_gmt":"2018-02-16T12:57:03","guid":{"rendered":"http:\/\/www.le-hameau-du-renard-blanc.com\/\/?page_id=125"},"modified":"2024-07-11T11:01:46","modified_gmt":"2024-07-11T09:01:46","slug":"les-activites","status":"publish","type":"page","link":"https:\/\/www.le-hameau-du-renard-blanc.com\/en\/les-activites\/","title":{"rendered":"Activities"},"content":{"rendered":"","protected":false},"excerpt":{"rendered":"","protected":false},"author":8,"featured_media":0,"parent":0,"menu_order":4,"comment_status":"closed","ping_status":"closed","template":"views\/template-les-activites.blade.php","meta":{"_acf_changed":false,"footnotes":""},"class_list":["post-125","page","type-page","status-publish","hentry"],"acf":[],"yoast_head":"<!-- This site is optimized with the Yoast SEO plugin v27.1.1 - https:\/\/yoast.com\/product\/yoast-seo-wordpress\/ -->\n<title>Les activit\u00e9s - Le hameau du renard blanc<\/title>\n<meta name=\"description\" content=\"Le Hameau du Renard Blanc c&#039;est sortir et s\u2019\u00e9vader gr\u00e2ce \u00e0 une multitude d\u2019activit\u00e9s \u00e0 proximit\u00e9. Sport ou d\u00e9tente\u00a0:\u00a0laissez-vous guider par nos conseils avis\u00e9s !\" \/>\n<meta name=\"robots\" content=\"index, follow, max-snippet:-1, max-image-preview:large, max-video-preview:-1\" \/>\n<link rel=\"canonical\" href=\"https:\/\/www.le-hameau-du-renard-blanc.com\/en\/les-activites\/\" \/>\n<meta property=\"og:locale\" content=\"en_US\" \/>\n<meta property=\"og:type\" content=\"article\" \/>\n<meta property=\"og:title\" content=\"Les activit\u00e9s - Le hameau du renard blanc\" \/>\n<meta property=\"og:description\" content=\"Le Hameau du Renard Blanc c&#039;est sortir et s\u2019\u00e9vader gr\u00e2ce \u00e0 une multitude d\u2019activit\u00e9s \u00e0 proximit\u00e9. Sport ou d\u00e9tente\u00a0:\u00a0laissez-vous guider par nos conseils avis\u00e9s !\" \/>\n<meta property=\"og:url\" content=\"https:\/\/www.le-hameau-du-renard-blanc.com\/en\/les-activites\/\" \/>\n<meta property=\"og:site_name\" content=\"Le hameau du renard blanc\" \/>\n<meta property=\"article:publisher\" content=\"https:\/\/www.facebook.com\/lehameaudurenardblanc\/\" \/>\n<meta property=\"article:modified_time\" content=\"2024-07-11T09:01:46+00:00\" \/>\n<meta name=\"twitter:card\" content=\"summary_large_image\" \/>\n<script type=\"application\/ld+json\" class=\"yoast-schema-graph\">{\"@context\":\"https:\/\/schema.org\",\"@graph\":[{\"@type\":\"WebPage\",\"@id\":\"https:\/\/www.le-hameau-du-renard-blanc.com\/les-activites\/\",\"url\":\"https:\/\/www.le-hameau-du-renard-blanc.com\/les-activites\/\",\"name\":\"Les activit\u00e9s - Le hameau du renard blanc\",\"isPartOf\":{\"@id\":\"https:\/\/www.le-hameau-du-renard-blanc.com\/#website\"},\"datePublished\":\"2018-02-16T12:57:03+00:00\",\"dateModified\":\"2024-07-11T09:01:46+00:00\",\"description\":\"Le Hameau du Renard Blanc c'est sortir et s\u2019\u00e9vader gr\u00e2ce \u00e0 une multitude d\u2019activit\u00e9s \u00e0 proximit\u00e9. Sport ou d\u00e9tente\u00a0:\u00a0laissez-vous guider par nos conseils avis\u00e9s !\",\"breadcrumb\":{\"@id\":\"https:\/\/www.le-hameau-du-renard-blanc.com\/les-activites\/#breadcrumb\"},\"inLanguage\":\"en-US\",\"potentialAction\":[{\"@type\":\"ReadAction\",\"target\":[\"https:\/\/www.le-hameau-du-renard-blanc.com\/les-activites\/\"]}]},{\"@type\":\"BreadcrumbList\",\"@id\":\"https:\/\/www.le-hameau-du-renard-blanc.com\/les-activites\/#breadcrumb\",\"itemListElement\":[{\"@type\":\"ListItem\",\"position\":1,\"name\":\"Accueil\",\"item\":\"https:\/\/www.le-hameau-du-renard-blanc.com\/\"},{\"@type\":\"ListItem\",\"position\":2,\"name\":\"Les activit\u00e9s\"}]},{\"@type\":\"WebSite\",\"@id\":\"https:\/\/www.le-hameau-du-renard-blanc.com\/#website\",\"url\":\"https:\/\/www.le-hameau-du-renard-blanc.com\/\",\"name\":\"Le hameau du renard blanc\",\"description\":\"Un lieu unique \u00e0 tout point de vue\",\"potentialAction\":[{\"@type\":\"SearchAction\",\"target\":{\"@type\":\"EntryPoint\",\"urlTemplate\":\"https:\/\/www.le-hameau-du-renard-blanc.com\/?s={search_term_string}\"},\"query-input\":{\"@type\":\"PropertyValueSpecification\",\"valueRequired\":true,\"valueName\":\"search_term_string\"}}],\"inLanguage\":\"en-US\"}]}<\/script>\n<!-- \/ Yoast SEO plugin. -->","yoast_head_json":{"title":"Les activit\u00e9s - Le hameau du renard blanc","description":"Le Hameau du Renard Blanc c'est sortir et s\u2019\u00e9vader gr\u00e2ce \u00e0 une multitude d\u2019activit\u00e9s \u00e0 proximit\u00e9. Sport ou d\u00e9tente\u00a0:\u00a0laissez-vous guider par nos conseils avis\u00e9s !","robots":{"index":"index","follow":"follow","max-snippet":"max-snippet:-1","max-image-preview":"max-image-preview:large","max-video-preview":"max-video-preview:-1"},"canonical":"https:\/\/www.le-hameau-du-renard-blanc.com\/en\/les-activites\/","og_locale":"en_US","og_type":"article","og_title":"Les activit\u00e9s - Le hameau du renard blanc","og_description":"Le Hameau du Renard Blanc c'est sortir et s\u2019\u00e9vader gr\u00e2ce \u00e0 une multitude d\u2019activit\u00e9s \u00e0 proximit\u00e9. Sport ou d\u00e9tente\u00a0:\u00a0laissez-vous guider par nos conseils avis\u00e9s !","og_url":"https:\/\/www.le-hameau-du-renard-blanc.com\/en\/les-activites\/","og_site_name":"Le hameau du renard blanc","article_publisher":"https:\/\/www.facebook.com\/lehameaudurenardblanc\/","article_modified_time":"2024-07-11T09:01:46+00:00","twitter_card":"summary_large_image","schema":{"@context":"https:\/\/schema.org","@graph":[{"@type":"WebPage","@id":"https:\/\/www.le-hameau-du-renard-blanc.com\/les-activites\/","url":"https:\/\/www.le-hameau-du-renard-blanc.com\/les-activites\/","name":"Les activit\u00e9s - Le hameau du renard blanc","isPartOf":{"@id":"https:\/\/www.le-hameau-du-renard-blanc.com\/#website"},"datePublished":"2018-02-16T12:57:03+00:00","dateModified":"2024-07-11T09:01:46+00:00","description":"Le Hameau du Renard Blanc c'est sortir et s\u2019\u00e9vader gr\u00e2ce \u00e0 une multitude d\u2019activit\u00e9s \u00e0 proximit\u00e9. Sport ou d\u00e9tente\u00a0:\u00a0laissez-vous guider par nos conseils avis\u00e9s !","breadcrumb":{"@id":"https:\/\/www.le-hameau-du-renard-blanc.com\/les-activites\/#breadcrumb"},"inLanguage":"en-US","potentialAction":[{"@type":"ReadAction","target":["https:\/\/www.le-hameau-du-renard-blanc.com\/les-activites\/"]}]},{"@type":"BreadcrumbList","@id":"https:\/\/www.le-hameau-du-renard-blanc.com\/les-activites\/#breadcrumb","itemListElement":[{"@type":"ListItem","position":1,"name":"Accueil","item":"https:\/\/www.le-hameau-du-renard-blanc.com\/"},{"@type":"ListItem","position":2,"name":"Les activit\u00e9s"}]},{"@type":"WebSite","@id":"https:\/\/www.le-hameau-du-renard-blanc.com\/#website","url":"https:\/\/www.le-hameau-du-renard-blanc.com\/","name":"Le hameau du renard blanc","description":"Un lieu unique \u00e0 tout point de vue","potentialAction":[{"@type":"SearchAction","target":{"@type":"EntryPoint","urlTemplate":"https:\/\/www.le-hameau-du-renard-blanc.com\/?s={search_term_string}"},"query-input":{"@type":"PropertyValueSpecification","valueRequired":true,"valueName":"search_term_string"}}],"inLanguage":"en-US"}]}},"_links":{"self":[{"href":"https:\/\/www.le-hameau-du-renard-blanc.com\/en\/wp-json\/wp\/v2\/pages\/125","targetHints":{"allow":["GET"]}}],"collection":[{"href":"https:\/\/www.le-hameau-du-renard-blanc.com\/en\/wp-json\/wp\/v2\/pages"}],"about":[{"href":"https:\/\/www.le-hameau-du-renard-blanc.com\/en\/wp-json\/wp\/v2\/types\/page"}],"author":[{"embeddable":true,"href":"https:\/\/www.le-hameau-du-renard-blanc.com\/en\/wp-json\/wp\/v2\/users\/8"}],"replies":[{"embeddable":true,"href":"https:\/\/www.le-hameau-du-renard-blanc.com\/en\/wp-json\/wp\/v2\/comments?post=125"}],"version-history":[{"count":7,"href":"https:\/\/www.le-hameau-du-renard-blanc.com\/en\/wp-json\/wp\/v2\/pages\/125\/revisions"}],"predecessor-version":[{"id":2132,"href":"https:\/\/www.le-hameau-du-renard-blanc.com\/en\/wp-json\/wp\/v2\/pages\/125\/revisions\/2132"}],"wp:attachment":[{"href":"https:\/\/www.le-hameau-du-renard-blanc.com\/en\/wp-json\/wp\/v2\/media?parent=125"}],"curies":[{"name":"wp","href":"https:\/\/api.w.org\/{rel}","templated":true}]}}