{"id":1965,"date":"2024-06-06T16:25:24","date_gmt":"2024-06-06T14:25:24","guid":{"rendered":"https:\/\/www.le-hameau-du-renard-blanc.com\/?page_id=1965"},"modified":"2024-06-28T09:29:49","modified_gmt":"2024-06-28T07:29:49","slug":"politiques-de-cookie","status":"publish","type":"page","link":"https:\/\/www.le-hameau-du-renard-blanc.com\/en\/politiques-de-cookie\/","title":{"rendered":"Cookie policy"},"content":{"rendered":"<p>The company <strong>Le Hameau du Renard Blanc<\/strong> hereafter the <strong>Company<\/strong> or <strong>Us<\/strong>), located at 3525 route de Cupelin, 74170 SAINT-GERVAIS-LES-BAINS, processes information from cookies installed on the website, <a class=\"btn-inline\" href=\"https:\/\/www.le-hameau-du-renard-blanc.com\/en\/\">www.le-hameau-du-renard-blanc.com<\/a> (hereafter, the <strong>\"Website\"<\/strong>) on your computer terminal.<\/p>\n<p>&nbsp;<\/p>\n<h3>What is a cookie?<\/h3>\n<p>Cookies are files intended to be stored on your device (computer, smartphone, tablet, etc.) which will be used by the Site to interact with your browser in order to send or receive information. Cookies make it possible to store information throughout your use of the Site, as well as information relating to your previous visits.<\/p>\n<p>Only the sender of a cookie can receive and read the information contained in this file.<\/p>\n<p>&nbsp;<\/p>\n<h3>Why do we use cookies?<\/h3>\n<p>We use cookies to analyse Site traffic.<\/p>\n<p>&nbsp;<\/p>\n<h3>What cookies do we use?<\/h3>\n<p>We use and authorise audience measurement cookies on the Site.<\/p>\n<p>Furthermore, we confirm that no cookies will be installed on your terminal unless you have expressly given your consent by activating our cookie manager, with the exception of any functional cookies required for the proper operation of our website.<\/p>\n<p>&nbsp;<\/p>\n<h3>How long are cookies and information from cookies stored?<\/h3>\n<p>The lifetime of cookies is limited to that associated with each cookie in the table below.<\/p>\n<p>&nbsp;<\/p>\n<h3>FUNCTIONAL COOKIES<\/h3>\n<p>Our Site deposits cookies that are strictly necessary for its proper operation and cannot be deactivated.<\/p>\n<div class=\"rgpd-table\">\n<table>\n<tbody>\n<tr>\n<td>Cookie name<\/td>\n<td>Data controller or joint data controllers<\/td>\n<td>Usage<\/td>\n<td>Service life<\/td>\n<\/tr>\n<tr>\n<td>_GRECAPTCHA<\/td>\n<td>GOOGLE<\/td>\n<td>Ensures the security of the website<\/td>\n<td>6 months<\/td>\n<\/tr>\n<tr>\n<td>Moove_gdpr_popup<\/td>\n<td>Le Hameau du Renard Blanc<\/td>\n<td>Allows you to retain your choices regarding the placement of cookies (consent)<\/td>\n<td>12 months<\/td>\n<\/tr>\n<tr>\n<td>hideEvent<\/td>\n<td>Le Hameau du Renard Blanc<\/td>\n<td>Sauvegarde de la visibilit\u00e9 de la popup d&rsquo;information<\/td>\n<td>Session<\/td>\n<\/tr>\n<\/tbody>\n<\/table>\n<\/div>\n<p><strong>AUDIENCE MEASUREMENT COOKIE<\/strong><\/p>\n<p>Our Site uses audience measurement cookies to analyse traffic on our Site.<\/p>\n<div class=\"rgpd-table\">\n<table>\n<tbody>\n<tr>\n<td>Cookie name<\/td>\n<td>Data controller or joint data controllers<\/td>\n<td>Usage<\/td>\n<td>Service life<\/td>\n<\/tr>\n<tr>\n<td>_ga_R1VLTMD85L<\/td>\n<td>Le Hameau du Renard Blanc<br \/>\nGOOGLE<\/td>\n<td>Enables analysis of visitor traffic to the Site and performance measurement<\/td>\n<td>13 months and 4 days<\/td>\n<\/tr>\n<tr>\n<td>_ga<\/td>\n<td>Le Hameau du Renard Blanc<br \/>\nGOOGLE<\/td>\n<td>Enables analysis of visitor traffic to the Site and performance measurement<\/td>\n<td>13 months and 4 days<\/td>\n<\/tr>\n<tr>\n<td>_gcl_au<\/td>\n<td>Le Hameau du Renard Blanc<br \/>\nGOOGLE<\/td>\n<td>Enables analysis of visitor traffic to the Site and performance measurement<\/td>\n<td>3 mois<\/td>\n<\/tr>\n<tr>\n<td>VISITOR_INFO1_LIVE<\/td>\n<td>Youtube<\/td>\n<td>N\u00e9cessaire au fonctionnement de la plateforme Youtube<\/td>\n<td>1 month<\/td>\n<\/tr>\n<tr>\n<td>VISITOR_PRIVACY_METADATA<\/td>\n<td>Youtube<\/td>\n<td>N\u00e9cessaire au fonctionnement de la plateforme Youtube<\/td>\n<td>1 month<\/td>\n<\/tr>\n<tr>\n<td>YSC<\/td>\n<td>Youtube<\/td>\n<td>N\u00e9cessaire au fonctionnement de la plateforme Youtube<\/td>\n<td>1 month<\/td>\n<\/tr>\n<\/tbody>\n<\/table>\n<\/div>\n<p>&nbsp;<\/p>\n<h3>\u00a0How can you prevent cookies being installed on your device?<\/h3>\n<p>By clicking on the Cookies icon on all the pages of our Site, you can choose which cookies you wish to activate or deactivate. If you choose not to activate a cookie, it will not be installed on your terminal.<\/p>\n<p>&nbsp;<\/p>\n<h3>What is a refusal cookie?<\/h3>\n<p>If you decide not to receive cookies, a refusal cookie will be installed on your device informing the websites you visit of your decision. Refusal cookies are necessary cookies that are exempt from the obligation to obtain consent. If you delete this refusal cookie, it will no longer be possible for these sites to be notified of your choice and your objection will therefore not be taken into account.<\/p>\n<p>&nbsp;<\/p>\n<h3>What is the shelf life of your choice?<\/h3>\n<p>The choice you make regarding cookies (acceptance or refusal) is kept for six (6) months. At the end of this period, we will renew your consent.<\/p>\n<p>&nbsp;<\/p>\n<h3>More information on cookies<\/h3>\n<p>To find out more about cookies, manage them, delete them or identify them, click on this link : <a class=\"btn-inline\" href=\"#\" data-href=\"#moove_gdpr_cookie_modal\"><span class=\"text\">Manage cookies<\/span><\/a>.<\/p>\n<p>You can also consult <a class=\"btn-inline\" href=\"https:\/\/www.cnil.fr\/fr\/cookies-les-outils-pour-les-maitriser#c5554%25C2%25A0\" target=\"_blank\" rel=\"noopener\">CNIL website<\/a>.<\/p>\n<p>&nbsp;<\/p>","protected":false},"excerpt":{"rendered":"<p>La soci\u00e9t\u00e9 Le Hameau du Renard Blanc (ci-apr\u00e8s la \u00ab\u00a0Soci\u00e9t\u00e9\u00a0\u00bb ou \u00ab\u00a0nous\u00a0\u00bb), situ\u00e9e au 3525 route de Cupelin, 74170 SAINT-GERVAIS-LES-BAINS, traite des informations issues des &hellip; <a href=\"https:\/\/www.le-hameau-du-renard-blanc.com\/en\/politiques-de-cookie\/\">Continued<\/a><\/p>","protected":false},"author":8,"featured_media":0,"parent":0,"menu_order":98,"comment_status":"closed","ping_status":"closed","template":"","meta":{"_acf_changed":false,"footnotes":""},"class_list":["post-1965","page","type-page","status-publish","hentry"],"acf":[],"yoast_head":"<!-- This site is optimized with the Yoast SEO plugin v27.1.1 - https:\/\/yoast.com\/product\/yoast-seo-wordpress\/ -->\n<title>Politiques de cookie - Le hameau du renard blanc<\/title>\n<meta name=\"robots\" content=\"index, follow, max-snippet:-1, max-image-preview:large, max-video-preview:-1\" \/>\n<link rel=\"canonical\" href=\"https:\/\/www.le-hameau-du-renard-blanc.com\/en\/politiques-de-cookie\/\" \/>\n<meta property=\"og:locale\" content=\"en_US\" \/>\n<meta property=\"og:type\" content=\"article\" \/>\n<meta property=\"og:title\" content=\"Politiques de cookie - Le hameau du renard blanc\" \/>\n<meta property=\"og:description\" content=\"La soci\u00e9t\u00e9 Le Hameau du Renard Blanc (ci-apr\u00e8s la \u00ab\u00a0Soci\u00e9t\u00e9\u00a0\u00bb ou \u00ab\u00a0nous\u00a0\u00bb), situ\u00e9e au 3525 route de Cupelin, 74170 SAINT-GERVAIS-LES-BAINS, traite des informations issues des &hellip; Continued\" \/>\n<meta property=\"og:url\" content=\"https:\/\/www.le-hameau-du-renard-blanc.com\/en\/politiques-de-cookie\/\" \/>\n<meta property=\"og:site_name\" content=\"Le hameau du renard blanc\" \/>\n<meta property=\"article:publisher\" content=\"https:\/\/www.facebook.com\/lehameaudurenardblanc\/\" \/>\n<meta property=\"article:modified_time\" content=\"2024-06-28T07:29:49+00:00\" \/>\n<meta name=\"twitter:card\" content=\"summary_large_image\" \/>\n<meta name=\"twitter:label1\" content=\"Est. reading time\" \/>\n\t<meta name=\"twitter:data1\" content=\"4 minutes\" \/>\n<script type=\"application\/ld+json\" class=\"yoast-schema-graph\">{\"@context\":\"https:\/\/schema.org\",\"@graph\":[{\"@type\":\"WebPage\",\"@id\":\"https:\/\/www.le-hameau-du-renard-blanc.com\/politiques-de-cookie\/\",\"url\":\"https:\/\/www.le-hameau-du-renard-blanc.com\/politiques-de-cookie\/\",\"name\":\"Politiques de cookie - Le hameau du renard blanc\",\"isPartOf\":{\"@id\":\"https:\/\/www.le-hameau-du-renard-blanc.com\/#website\"},\"datePublished\":\"2024-06-06T14:25:24+00:00\",\"dateModified\":\"2024-06-28T07:29:49+00:00\",\"breadcrumb\":{\"@id\":\"https:\/\/www.le-hameau-du-renard-blanc.com\/politiques-de-cookie\/#breadcrumb\"},\"inLanguage\":\"en-US\",\"potentialAction\":[{\"@type\":\"ReadAction\",\"target\":[\"https:\/\/www.le-hameau-du-renard-blanc.com\/politiques-de-cookie\/\"]}]},{\"@type\":\"BreadcrumbList\",\"@id\":\"https:\/\/www.le-hameau-du-renard-blanc.com\/politiques-de-cookie\/#breadcrumb\",\"itemListElement\":[{\"@type\":\"ListItem\",\"position\":1,\"name\":\"Accueil\",\"item\":\"https:\/\/www.le-hameau-du-renard-blanc.com\/\"},{\"@type\":\"ListItem\",\"position\":2,\"name\":\"Politiques de cookie\"}]},{\"@type\":\"WebSite\",\"@id\":\"https:\/\/www.le-hameau-du-renard-blanc.com\/#website\",\"url\":\"https:\/\/www.le-hameau-du-renard-blanc.com\/\",\"name\":\"Le hameau du renard blanc\",\"description\":\"Un lieu unique \u00e0 tout point de vue\",\"potentialAction\":[{\"@type\":\"SearchAction\",\"target\":{\"@type\":\"EntryPoint\",\"urlTemplate\":\"https:\/\/www.le-hameau-du-renard-blanc.com\/?s={search_term_string}\"},\"query-input\":{\"@type\":\"PropertyValueSpecification\",\"valueRequired\":true,\"valueName\":\"search_term_string\"}}],\"inLanguage\":\"en-US\"}]}<\/script>\n<!-- \/ Yoast SEO plugin. -->","yoast_head_json":{"title":"Politiques de cookie - Le hameau du renard blanc","robots":{"index":"index","follow":"follow","max-snippet":"max-snippet:-1","max-image-preview":"max-image-preview:large","max-video-preview":"max-video-preview:-1"},"canonical":"https:\/\/www.le-hameau-du-renard-blanc.com\/en\/politiques-de-cookie\/","og_locale":"en_US","og_type":"article","og_title":"Politiques de cookie - Le hameau du renard blanc","og_description":"La soci\u00e9t\u00e9 Le Hameau du Renard Blanc (ci-apr\u00e8s la \u00ab\u00a0Soci\u00e9t\u00e9\u00a0\u00bb ou \u00ab\u00a0nous\u00a0\u00bb), situ\u00e9e au 3525 route de Cupelin, 74170 SAINT-GERVAIS-LES-BAINS, traite des informations issues des &hellip; Continued","og_url":"https:\/\/www.le-hameau-du-renard-blanc.com\/en\/politiques-de-cookie\/","og_site_name":"Le hameau du renard blanc","article_publisher":"https:\/\/www.facebook.com\/lehameaudurenardblanc\/","article_modified_time":"2024-06-28T07:29:49+00:00","twitter_card":"summary_large_image","twitter_misc":{"Est. reading time":"4 minutes"},"schema":{"@context":"https:\/\/schema.org","@graph":[{"@type":"WebPage","@id":"https:\/\/www.le-hameau-du-renard-blanc.com\/politiques-de-cookie\/","url":"https:\/\/www.le-hameau-du-renard-blanc.com\/politiques-de-cookie\/","name":"Politiques de cookie - Le hameau du renard blanc","isPartOf":{"@id":"https:\/\/www.le-hameau-du-renard-blanc.com\/#website"},"datePublished":"2024-06-06T14:25:24+00:00","dateModified":"2024-06-28T07:29:49+00:00","breadcrumb":{"@id":"https:\/\/www.le-hameau-du-renard-blanc.com\/politiques-de-cookie\/#breadcrumb"},"inLanguage":"en-US","potentialAction":[{"@type":"ReadAction","target":["https:\/\/www.le-hameau-du-renard-blanc.com\/politiques-de-cookie\/"]}]},{"@type":"BreadcrumbList","@id":"https:\/\/www.le-hameau-du-renard-blanc.com\/politiques-de-cookie\/#breadcrumb","itemListElement":[{"@type":"ListItem","position":1,"name":"Accueil","item":"https:\/\/www.le-hameau-du-renard-blanc.com\/"},{"@type":"ListItem","position":2,"name":"Politiques de cookie"}]},{"@type":"WebSite","@id":"https:\/\/www.le-hameau-du-renard-blanc.com\/#website","url":"https:\/\/www.le-hameau-du-renard-blanc.com\/","name":"Le hameau du renard blanc","description":"Un lieu unique \u00e0 tout point de vue","potentialAction":[{"@type":"SearchAction","target":{"@type":"EntryPoint","urlTemplate":"https:\/\/www.le-hameau-du-renard-blanc.com\/?s={search_term_string}"},"query-input":{"@type":"PropertyValueSpecification","valueRequired":true,"valueName":"search_term_string"}}],"inLanguage":"en-US"}]}},"_links":{"self":[{"href":"https:\/\/www.le-hameau-du-renard-blanc.com\/en\/wp-json\/wp\/v2\/pages\/1965","targetHints":{"allow":["GET"]}}],"collection":[{"href":"https:\/\/www.le-hameau-du-renard-blanc.com\/en\/wp-json\/wp\/v2\/pages"}],"about":[{"href":"https:\/\/www.le-hameau-du-renard-blanc.com\/en\/wp-json\/wp\/v2\/types\/page"}],"author":[{"embeddable":true,"href":"https:\/\/www.le-hameau-du-renard-blanc.com\/en\/wp-json\/wp\/v2\/users\/8"}],"replies":[{"embeddable":true,"href":"https:\/\/www.le-hameau-du-renard-blanc.com\/en\/wp-json\/wp\/v2\/comments?post=1965"}],"version-history":[{"count":5,"href":"https:\/\/www.le-hameau-du-renard-blanc.com\/en\/wp-json\/wp\/v2\/pages\/1965\/revisions"}],"predecessor-version":[{"id":1984,"href":"https:\/\/www.le-hameau-du-renard-blanc.com\/en\/wp-json\/wp\/v2\/pages\/1965\/revisions\/1984"}],"wp:attachment":[{"href":"https:\/\/www.le-hameau-du-renard-blanc.com\/en\/wp-json\/wp\/v2\/media?parent=1965"}],"curies":[{"name":"wp","href":"https:\/\/api.w.org\/{rel}","templated":true}]}}